{"id":7,"date":"2022-06-17T13:01:16","date_gmt":"2022-06-17T13:01:16","guid":{"rendered":"http:\/\/gribskovlaegecenter.dk\/?page_id=7"},"modified":"2024-11-20T07:02:34","modified_gmt":"2024-11-20T07:02:34","slug":"forside","status":"publish","type":"page","link":"https:\/\/gribskovlaegecenter.dk\/","title":{"rendered":"Forside"},"content":{"rendered":"\n<p class=\"has-text-align-center\"><\/p>\n\n\n\n<p>Velkommen til Gribskov L\u00e6gecenter. Klinikken er ligger i et natursk\u00f8nt omr\u00e5de mellem Vejby og Tisvilde. Vi er et hold der best\u00e5r af 5 l\u00e6ger,&nbsp;4 sygeplejersker,&nbsp;1 sekret\u00e6r og 1 bioanalytiker.<\/p>\n\n\n\n<p>Sammen har vi et bredt kompetence- og interesseomr\u00e5de, s\u00e5ledes at vi kan tage os af de fleste sygdomme, helbredsproblemer og forebyggelse. Vi g\u00f8r meget ud af den l\u00f8bende kontrol og behandling af dig med kronisk sygdom, fx hjerte-lungesygdomme og diabetes. Derudover behandler vi de fleste sm\u00e5skader i klinikkens skadestue.<\/p>\n\n\n\n<p>Vi tager os af helheden og tilstr\u00e6ber at l\u00f8se de fleste problemer i klinikken, men hvis der er behov for det, vil du blive henvist til anden speciall\u00e6ge eller til sygehuset.<\/p>\n\n\n\n<p>Vi har et godt samarbejdsmilj\u00f8 i klinikken og vort f\u00e6lles m\u00e5l er, at du som patient f\u00f8ler dig velkommen og f\u00e5r en god og professionel hj\u00e6lp i Gribskov L\u00e6gecenter.<\/p>\n\n\n\n<p>For tidsbestilling kan du <a href=\"https:\/\/gribskovlaegecenter.dk\/index.php\/om-klinikken\/aabningstider\/\" data-type=\"page\" data-id=\"36\">ringe til klinikken<\/a> eller bestille tid via <a href=\"https:\/\/www.besoeglaegen.dk\/Login.aspx?ClinicId=018937\">selvbetjeningen<\/a>.<\/p>\n\n\n\n<figure class=\"wp-block-image size-full\"><img loading=\"lazy\" decoding=\"async\" width=\"970\" height=\"356\" src=\"https:\/\/gribskovlaegecenter.dk\/wp-content\/uploads\/2022\/06\/hus1.jpeg\" alt=\"\" class=\"wp-image-109\" srcset=\"https:\/\/gribskovlaegecenter.dk\/wp-content\/uploads\/2022\/06\/hus1.jpeg 970w, https:\/\/gribskovlaegecenter.dk\/wp-content\/uploads\/2022\/06\/hus1-300x110.jpeg 300w, https:\/\/gribskovlaegecenter.dk\/wp-content\/uploads\/2022\/06\/hus1-768x282.jpeg 768w\" sizes=\"auto, (max-width: 970px) 100vw, 970px\" \/><\/figure>\n","protected":false},"excerpt":{"rendered":"<p>Velkommen til Gribskov L\u00e6gecenter. Klinikken er ligger i et natursk\u00f8nt omr\u00e5de mellem Vejby og Tisvilde. Vi er et hold der best\u00e5r af 5 l\u00e6ger,&nbsp;4 sygeplejersker,&nbsp;1 sekret\u00e6r og 1 bioanalytiker. Sammen har vi et bredt kompetence- og interesseomr\u00e5de, s\u00e5ledes at vi kan tage os af de fleste sygdomme, helbredsproblemer og forebyggelse. Vi g\u00f8r meget ud af&hellip;<\/p>\n","protected":false},"author":1,"featured_media":0,"parent":0,"menu_order":0,"comment_status":"closed","ping_status":"closed","template":"","meta":{"inline_featured_image":false,"footnotes":""},"class_list":["post-7","page","type-page","status-publish","hentry"],"_links":{"self":[{"href":"https:\/\/gribskovlaegecenter.dk\/index.php\/wp-json\/wp\/v2\/pages\/7","targetHints":{"allow":["GET"]}}],"collection":[{"href":"https:\/\/gribskovlaegecenter.dk\/index.php\/wp-json\/wp\/v2\/pages"}],"about":[{"href":"https:\/\/gribskovlaegecenter.dk\/index.php\/wp-json\/wp\/v2\/types\/page"}],"author":[{"embeddable":true,"href":"https:\/\/gribskovlaegecenter.dk\/index.php\/wp-json\/wp\/v2\/users\/1"}],"replies":[{"embeddable":true,"href":"https:\/\/gribskovlaegecenter.dk\/index.php\/wp-json\/wp\/v2\/comments?post=7"}],"version-history":[{"count":32,"href":"https:\/\/gribskovlaegecenter.dk\/index.php\/wp-json\/wp\/v2\/pages\/7\/revisions"}],"predecessor-version":[{"id":595,"href":"https:\/\/gribskovlaegecenter.dk\/index.php\/wp-json\/wp\/v2\/pages\/7\/revisions\/595"}],"wp:attachment":[{"href":"https:\/\/gribskovlaegecenter.dk\/index.php\/wp-json\/wp\/v2\/media?parent=7"}],"curies":[{"name":"wp","href":"https:\/\/api.w.org\/{rel}","templated":true}]}}